{"id":56,"date":"2023-03-17T18:27:48","date_gmt":"2023-03-17T18:27:48","guid":{"rendered":"https:\/\/cdtirocostadealmeria.com\/?page_id=56"},"modified":"2024-02-05T09:29:21","modified_gmt":"2024-02-05T09:29:21","slug":"donde-estamos","status":"publish","type":"page","link":"https:\/\/cdtirocostadealmeria.com\/?page_id=56","title":{"rendered":"Donde estamos"},"content":{"rendered":"\n<p>El campo de tiro ol\u00edmpico de los Juegos del Mediterr\u00e1neo esta situado en la localidad de G\u00e1dor, en la provincia de Almer\u00eda. <\/p>\n\n\n\t\t<div\n            id=\"wpmapblock_85f64af5\"\n            data-settings='{&quot;map_marker&quot;:[{&quot;lat&quot;:&quot;36.936129156676&quot;,&quot;lng&quot;:&quot;-2.4841117858887&quot;,&quot;title&quot;:&quot;Campo de tido Gador&quot;,&quot;content&quot;:&quot;04560 G\\u00e1dor, Almer\\u00eda&quot;,&quot;iconType&quot;:&quot;default&quot;,&quot;customIconUrl&quot;:&quot;&quot;,&quot;customIconWidth&quot;:&quot;25&quot;,&quot;customIconHeight&quot;:&quot;40&quot;}],&quot;map_zoom&quot;:&quot;11&quot;,&quot;scroll_wheel_zoom&quot;:&quot;1&quot;,&quot;map_type&quot;:&quot;GM&quot;,&quot;center_index&quot;:0}'\n            class=\"wpmapblockrender\"\n            style=\"\n\t\t\twidth: 90%;\n\t\t\theight: 500px;\n\t\t\"\n            >\n        <\/div>\n        \n\n\n<p>El campo de tiro club Costa de Almer\u00eda esta situado en la localidad de Roquetas de Mar, en <\/p>\n\n\n\n<p>la provincia de Almer\u00eda.<\/p>\n\n\n\t\t<div\n            id=\"wpmapblock_857aee8c\"\n            data-settings='{&quot;map_marker&quot;:[{&quot;lat&quot;:&quot;36.83711512841&quot;,&quot;lng&quot;:&quot;-2.6022738218307&quot;,&quot;title&quot;:&quot;Club Tiro Deportivo Costa de almeria&quot;,&quot;content&quot;:&quot;&quot;,&quot;iconType&quot;:&quot;default&quot;,&quot;customIconUrl&quot;:&quot;&quot;,&quot;customIconWidth&quot;:&quot;25&quot;,&quot;customIconHeight&quot;:&quot;40&quot;}],&quot;map_zoom&quot;:&quot;12&quot;,&quot;scroll_wheel_zoom&quot;:&quot;1&quot;,&quot;map_type&quot;:&quot;GM&quot;,&quot;center_index&quot;:0}'\n            class=\"wpmapblockrender\"\n            style=\"\n\t\t\twidth: 90%;\n\t\t\theight: 500px;\n\t\t\"\n            >\n        <\/div>\n        ","protected":false},"excerpt":{"rendered":"<p>El campo de tiro ol\u00edmpico de los Juegos del Mediterr\u00e1neo esta situado en la localidad de G\u00e1dor, en la provincia de Almer\u00eda. El campo de tiro club Costa de Almer\u00eda esta situado en la localidad de Roquetas de Mar, en la provincia de Almer\u00eda.<\/p>\n","protected":false},"author":1,"featured_media":0,"parent":0,"menu_order":0,"comment_status":"closed","ping_status":"closed","template":"","meta":{"footnotes":""},"class_list":["post-56","page","type-page","status-publish","hentry"],"_links":{"self":[{"href":"https:\/\/cdtirocostadealmeria.com\/index.php?rest_route=\/wp\/v2\/pages\/56","targetHints":{"allow":["GET"]}}],"collection":[{"href":"https:\/\/cdtirocostadealmeria.com\/index.php?rest_route=\/wp\/v2\/pages"}],"about":[{"href":"https:\/\/cdtirocostadealmeria.com\/index.php?rest_route=\/wp\/v2\/types\/page"}],"author":[{"embeddable":true,"href":"https:\/\/cdtirocostadealmeria.com\/index.php?rest_route=\/wp\/v2\/users\/1"}],"replies":[{"embeddable":true,"href":"https:\/\/cdtirocostadealmeria.com\/index.php?rest_route=%2Fwp%2Fv2%2Fcomments&post=56"}],"version-history":[{"count":7,"href":"https:\/\/cdtirocostadealmeria.com\/index.php?rest_route=\/wp\/v2\/pages\/56\/revisions"}],"predecessor-version":[{"id":381,"href":"https:\/\/cdtirocostadealmeria.com\/index.php?rest_route=\/wp\/v2\/pages\/56\/revisions\/381"}],"wp:attachment":[{"href":"https:\/\/cdtirocostadealmeria.com\/index.php?rest_route=%2Fwp%2Fv2%2Fmedia&parent=56"}],"curies":[{"name":"wp","href":"https:\/\/api.w.org\/{rel}","templated":true}]}}