{"id":89,"date":"2023-06-16T16:06:32","date_gmt":"2023-06-16T16:06:32","guid":{"rendered":"https:\/\/cdtirocostadealmeria.com\/?page_id=89"},"modified":"2023-11-28T21:00:07","modified_gmt":"2023-11-28T21:00:07","slug":"fotos","status":"publish","type":"page","link":"https:\/\/cdtirocostadealmeria.com\/?page_id=89","title":{"rendered":"Fototeca"},"content":{"rendered":"<div class=\"vce-row-container\" data-vce-boxed-width=\"true\"><div class=\"vce-row vce-row--col-gap-30 vce-row-equal-height vce-row-content--top\" id=\"el-2c54112e\" data-vce-do-apply=\"all el-2c54112e\"><div class=\"vce-row-content\" data-vce-element-content=\"true\"><div class=\"vce-col vce-col--md-auto vce-col--xs-1 vce-col--xs-last vce-col--xs-first vce-col--sm-last vce-col--sm-first vce-col--md-last vce-col--lg-last vce-col--xl-last vce-col--md-first vce-col--lg-first vce-col--xl-first\" id=\"el-2690e546\"><div class=\"vce-col-inner\" data-vce-do-apply=\"border margin background  el-2690e546\"><div class=\"vce-col-content\" data-vce-element-content=\"true\" data-vce-do-apply=\"padding el-2690e546\"><div class=\"vce-text-block\"><div class=\"vce-text-block-wrapper vce\" id=\"el-92036382\" data-vce-do-apply=\"all el-92036382\"><div><!-- Fragmento de c\u00f3digo de exclusi\u00f3n de Google Analytics a\u00f1adido por Site Kit --><!-- Final del fragmento de c\u00f3digo de exclusi\u00f3n de Google Analytics a\u00f1adido por Site Kit --><!-- Fragmento de c\u00f3digo de Google Analytics a\u00f1adido por Site Kit --><!-- Final del fragmento de c\u00f3digo de Google Analytics a\u00f1adido por Site Kit --><noscript><style>.vce-row-container .vcv-lozad {display: none}<\/style><\/noscript><\/div>\n<p>&nbsp;<\/p>\n<div>\n<p><span style=\"font-size: 18pt;\"><strong>Galer\u00edas de Fotos<\/strong><\/span><\/p>\n<\/div>\n<div>&nbsp;<\/div>\n<p>&nbsp;<\/p><\/div><\/div><\/div><\/div><\/div><\/div><\/div><\/div><div class=\"vce-row-container\" data-vce-boxed-width=\"true\"><div class=\"vce-row vce-row--col-gap-30 vce-row-equal-height vce-row-content--top\" id=\"el-625a9dcd\" data-vce-do-apply=\"all el-625a9dcd\"><div class=\"vce-row-content\" data-vce-element-content=\"true\"><div class=\"vce-col vce-col--md-auto vce-col--xs-1 vce-col--xs-last vce-col--xs-first vce-col--sm-last vce-col--sm-first vce-col--md-first vce-col--lg-first vce-col--xl-first\" id=\"el-e2c2348d\"><div class=\"vce-col-inner\" data-vce-do-apply=\"border margin background  el-e2c2348d\"><div class=\"vce-col-content\" data-vce-element-content=\"true\" data-vce-do-apply=\"padding el-e2c2348d\"><div class=\"vce-single-image-container vce-single-image--align-left\"><div class=\"vce vce-single-image-wrapper\" id=\"el-f3508591\" data-vce-do-apply=\"all el-f3508591\" data-vce-animate=\"vce-o-animate--None\"><figure><div class=\"vce-single-image-figure-inner\" style=\"width: 1024px;\"><div class=\"vce-single-image-inner vce-single-image--absolute\" style=\"width: 100%; padding-bottom: 66.6016%;\"><img loading=\"lazy\" decoding=\"async\" class=\"vce-single-image\"  width=\"1024\" height=\"682\" srcset=\"https:\/\/cdtirocostadealmeria.com\/wp-content\/uploads\/2023\/06\/MG_2010-1024x682.jpg 1024w, https:\/\/cdtirocostadealmeria.com\/wp-content\/uploads\/2023\/06\/MG_2010-320x213.jpg 320w, https:\/\/cdtirocostadealmeria.com\/wp-content\/uploads\/2023\/06\/MG_2010-480x320.jpg 480w, https:\/\/cdtirocostadealmeria.com\/wp-content\/uploads\/2023\/06\/MG_2010-800x533.jpg 800w\" src=\"https:\/\/cdtirocostadealmeria.com\/wp-content\/uploads\/2023\/06\/MG_2010-1024x682.jpg\" data-img-src=\"https:\/\/cdtirocostadealmeria.com\/wp-content\/uploads\/2023\/06\/MG_2010.jpg\" data-attachment-id=\"121\"  alt=\"\" title=\"MG_2010\" \/><\/div><\/div><figcaption hidden=\"\"><\/figcaption><\/figure><\/div><\/div><div class=\"vce-button--style-basic-container vce-button--style-basic-container--align-left\"><span class=\"vce-button--style-basic-wrapper vce\" id=\"el-b6c3cc64\" data-vce-do-apply=\"margin el-b6c3cc64\"><a class=\"vce-button vce-button--style-basic vce-button--style-basic--border-rounded vce-button--style-basic--size-medium vce-button--style-basic--color-557cbf--fff\" href=\"https:\/\/cdtirocostadealmeria.com\/?page_id=96\" title=\"\" data-vce-do-apply=\"padding border background  el-b6c3cc64\">V TROFEO ANTONIO RODRIGEZ DIAS 6 Y 7 DE MAYO 2023<\/a><\/span><\/div><\/div><\/div><\/div><div class=\"vce-col vce-col--md-auto vce-col--xs-1 vce-col--xs-last vce-col--xs-first vce-col--sm-last vce-col--sm-first\" id=\"el-75fd5eb4\"><div class=\"vce-col-inner\" data-vce-do-apply=\"border margin background  el-75fd5eb4\"><div class=\"vce-col-content\" data-vce-element-content=\"true\" data-vce-do-apply=\"padding el-75fd5eb4\"><div class=\"vce-single-image-container vce-single-image--align-left\"><div class=\"vce vce-single-image-wrapper\" id=\"el-01c8effc\" data-vce-do-apply=\"all el-01c8effc\"><figure><div class=\"vce-single-image-figure-inner\" style=\"width: 501px;\"><div class=\"vce-single-image-inner vce-single-image--absolute\" style=\"width: 100%; padding-bottom: 65.0699%;\"><img loading=\"lazy\" decoding=\"async\" class=\"vce-single-image\"  width=\"501\" height=\"326\" srcset=\"https:\/\/cdtirocostadealmeria.com\/wp-content\/uploads\/2023\/07\/Captura-e1690477751592-320x208.jpg 320w, https:\/\/cdtirocostadealmeria.com\/wp-content\/uploads\/2023\/07\/Captura-e1690477751592-480x312.jpg 480w, https:\/\/cdtirocostadealmeria.com\/wp-content\/uploads\/2023\/11\/Captura-e1690477602928-501x326.jpg 501w\" src=\"https:\/\/cdtirocostadealmeria.com\/wp-content\/uploads\/2023\/11\/Captura-e1690477602928-501x326.jpg\" data-img-src=\"https:\/\/cdtirocostadealmeria.com\/wp-content\/uploads\/2023\/07\/Captura-e1690477602928.jpg\" data-attachment-id=\"190\"  alt=\"\" title=\"Captura\" \/><\/div><\/div><figcaption hidden=\"\"><\/figcaption><\/figure><\/div><\/div><div class=\"vce-button--style-basic-container vce-button--style-basic-container--align-left\"><span class=\"vce-button--style-basic-wrapper vce\" id=\"el-a1cd6a31\" data-vce-do-apply=\"margin el-a1cd6a31\"><a class=\"vce-button vce-button--style-basic vce-button--style-basic--border-rounded vce-button--style-basic--size-medium vce-button--style-basic--color-557cbf--fff\" href=\"https:\/\/cdtirocostadealmeria.com\/?page_id=192\" title=\"\" data-vce-do-apply=\"padding border background  el-a1cd6a31\">TIRADA OF THE 80\u00b4s  LOS VINILOS DIA 15 DE JULIO 2023<\/a><\/span><\/div><\/div><\/div><\/div><div class=\"vce-col vce-col--md-auto vce-col--xs-1 vce-col--xs-last vce-col--xs-first vce-col--sm-last vce-col--sm-first\" id=\"el-949108b4\"><div class=\"vce-col-inner\" data-vce-do-apply=\"border margin background  el-949108b4\"><div class=\"vce-col-content\" data-vce-element-content=\"true\" data-vce-do-apply=\"padding el-949108b4\"><div class=\"vce-single-image-container vce-single-image--align-left\"><div class=\"vce vce-single-image-wrapper\" id=\"el-c95fd5ac\" data-vce-do-apply=\"all el-c95fd5ac\"><figure><div class=\"vce-single-image-figure-inner\" style=\"width: 1024px;\"><div class=\"vce-single-image-inner vce-single-image--absolute\" style=\"width: 100%; padding-bottom: 66.6016%;\"><img loading=\"lazy\" decoding=\"async\" class=\"vce-single-image\"  width=\"1024\" height=\"682\" srcset=\"https:\/\/cdtirocostadealmeria.com\/wp-content\/uploads\/2023\/11\/MG_2062-1024x683.jpg 1024w, https:\/\/cdtirocostadealmeria.com\/wp-content\/uploads\/2023\/11\/MG_2062-2048x1365.jpg 2x, https:\/\/cdtirocostadealmeria.com\/wp-content\/uploads\/2023\/11\/MG_2062-320x213.jpg 320w, https:\/\/cdtirocostadealmeria.com\/wp-content\/uploads\/2023\/11\/MG_2062-480x320.jpg 480w, https:\/\/cdtirocostadealmeria.com\/wp-content\/uploads\/2023\/11\/MG_2062-800x533.jpg 800w\" src=\"https:\/\/cdtirocostadealmeria.com\/wp-content\/uploads\/2023\/11\/MG_2062-1024x683.jpg\" data-img-src=\"https:\/\/cdtirocostadealmeria.com\/wp-content\/uploads\/2023\/11\/MG_2062-scaled.jpg\" data-attachment-id=\"223\"  alt=\"\" title=\"MG_2062\" \/><\/div><\/div><figcaption hidden=\"\"><\/figcaption><\/figure><\/div><\/div><div class=\"vce-button--style-basic-container vce-button--style-basic-container--align-left\"><span class=\"vce-button--style-basic-wrapper vce\" id=\"el-4114896a\" data-vce-do-apply=\"margin el-4114896a\"><a class=\"vce-button vce-button--style-basic vce-button--style-basic--border-rounded vce-button--style-basic--size-medium vce-button--style-basic--color-557cbf--fff\" href=\"https:\/\/cdtirocostadealmeria.com\/?page_id=222\" title=\"\" data-vce-do-apply=\"padding border background  el-4114896a\">TIRADA MEMORIAL D. ANDRES RUIZ MORALES 2023<\/a><\/span><\/div><\/div><\/div><\/div><div class=\"vce-col vce-col--md-auto vce-col--xs-1 vce-col--xs-last vce-col--xs-first vce-col--sm-last vce-col--sm-first vce-col--md-last vce-col--lg-last vce-col--xl-last\" id=\"el-ff24e7b4\"><div class=\"vce-col-inner\" data-vce-do-apply=\"border margin background  el-ff24e7b4\"><div class=\"vce-col-content\" data-vce-element-content=\"true\" data-vce-do-apply=\"padding el-ff24e7b4\"><div class=\"vce-single-image-container vce-single-image--align-left\"><div class=\"vce vce-single-image-wrapper\" id=\"el-cc6ad3e9\" data-vce-do-apply=\"all el-cc6ad3e9\"><figure><div class=\"vce-single-image-figure-inner\" style=\"width: 1024px;\"><div class=\"vce-single-image-inner vce-single-image--absolute\" style=\"width: 100%; padding-bottom: 66.6992%;\"><img loading=\"lazy\" decoding=\"async\" class=\"vce-single-image\"  width=\"1024\" height=\"683\" srcset=\"https:\/\/cdtirocostadealmeria.com\/wp-content\/uploads\/2023\/11\/Cartel-Gonzalez-y-Pelayo-2023fototeca-e1701205113137-1024x684.jpg 1024w, https:\/\/cdtirocostadealmeria.com\/wp-content\/uploads\/2023\/11\/Cartel-Gonzalez-y-Pelayo-2023fototeca-e1701205113137-320x214.jpg 320w, https:\/\/cdtirocostadealmeria.com\/wp-content\/uploads\/2023\/11\/Cartel-Gonzalez-y-Pelayo-2023fototeca-e1701205113137-480x321.jpg 480w, https:\/\/cdtirocostadealmeria.com\/wp-content\/uploads\/2023\/11\/Cartel-Gonzalez-y-Pelayo-2023fototeca-e1701205113137-800x534.jpg 800w\" src=\"https:\/\/cdtirocostadealmeria.com\/wp-content\/uploads\/2023\/11\/Cartel-Gonzalez-y-Pelayo-2023fototeca-e1701205113137-1024x684.jpg\" data-img-src=\"https:\/\/cdtirocostadealmeria.com\/wp-content\/uploads\/2023\/11\/Cartel-Gonzalez-y-Pelayo-2023fototeca-e1701205113137.jpg\" data-attachment-id=\"264\"  alt=\"\" title=\"gonzalez y Pelayo 2023fototeca\" \/><\/div><\/div><figcaption hidden=\"\"><\/figcaption><\/figure><\/div><\/div><div class=\"vce-button--style-basic-container vce-button--style-basic-container--align-left\"><span class=\"vce-button--style-basic-wrapper vce\" id=\"el-ef37685b\" data-vce-do-apply=\"margin el-ef37685b\"><a class=\"vce-button vce-button--style-basic vce-button--style-basic--border-rounded vce-button--style-basic--size-medium vce-button--style-basic--color-557cbf--fff\" href=\"https:\/\/cdtirocostadealmeria.com\/?page_id=261\" title=\"\" data-vce-do-apply=\"padding border background  el-ef37685b\">TIRADA TROFEO ARMERIA GONZALEZ &amp; PELAYO 2023<\/a><\/span><\/div><\/div><\/div><\/div><\/div><\/div><\/div>\n","protected":false},"excerpt":{"rendered":"<p>&nbsp; Galer\u00edas de Fotos &nbsp; &nbsp;V TROFEO ANTONIO RODRIGEZ DIAS 6 Y 7 DE MAYO 2023TIRADA OF THE 80\u00b4s LOS VINILOS DIA 15 DE JULIO 2023TIRADA MEMORIAL D. ANDRES RUIZ MORALES 2023TIRADA TROFEO ARMERIA GONZALEZ &amp; PELAYO 2023<\/p>\n","protected":false},"author":1,"featured_media":0,"parent":0,"menu_order":0,"comment_status":"closed","ping_status":"closed","template":"","meta":{"footnotes":""},"class_list":["post-89","page","type-page","status-publish","hentry"],"_links":{"self":[{"href":"https:\/\/cdtirocostadealmeria.com\/index.php?rest_route=\/wp\/v2\/pages\/89","targetHints":{"allow":["GET"]}}],"collection":[{"href":"https:\/\/cdtirocostadealmeria.com\/index.php?rest_route=\/wp\/v2\/pages"}],"about":[{"href":"https:\/\/cdtirocostadealmeria.com\/index.php?rest_route=\/wp\/v2\/types\/page"}],"author":[{"embeddable":true,"href":"https:\/\/cdtirocostadealmeria.com\/index.php?rest_route=\/wp\/v2\/users\/1"}],"replies":[{"embeddable":true,"href":"https:\/\/cdtirocostadealmeria.com\/index.php?rest_route=%2Fwp%2Fv2%2Fcomments&post=89"}],"version-history":[{"count":31,"href":"https:\/\/cdtirocostadealmeria.com\/index.php?rest_route=\/wp\/v2\/pages\/89\/revisions"}],"predecessor-version":[{"id":267,"href":"https:\/\/cdtirocostadealmeria.com\/index.php?rest_route=\/wp\/v2\/pages\/89\/revisions\/267"}],"wp:attachment":[{"href":"https:\/\/cdtirocostadealmeria.com\/index.php?rest_route=%2Fwp%2Fv2%2Fmedia&parent=89"}],"curies":[{"name":"wp","href":"https:\/\/api.w.org\/{rel}","templated":true}]}}